{"id":155,"date":"2020-11-02T09:45:50","date_gmt":"2020-11-02T08:45:50","guid":{"rendered":"https:\/\/vvw.alf-banco.de\/?page_id=155"},"modified":"2025-03-12T13:22:58","modified_gmt":"2025-03-12T12:22:58","slug":"produkte","status":"publish","type":"page","link":"https:\/\/www.alfag.de\/vvw\/produkte\/","title":{"rendered":"Produkte"},"content":{"rendered":"\n<div class=\"wp-block-group alignfull\"><div class=\"wp-block-group__inner-container is-layout-flow wp-block-group-is-layout-flow\">\n<div class=\"wp-block-columns alignwide tw-cols-card tw-cols-card-shadow is-layout-flex wp-container-core-columns-is-layout-d0b3c9c8 wp-block-columns-is-layout-flex\">\n<div class=\"wp-block-column is-vertically-aligned-center is-layout-flow wp-block-column-is-layout-flow\">\n<div class=\"wp-block-columns alignwide tw-cols-stack-md tw-gutter-large is-layout-flex wp-container-core-columns-is-layout-d0b3c9c8 wp-block-columns-is-layout-flex\">\n<div class=\"wp-block-column is-vertically-aligned-center tw-mb-2 is-layout-flow wp-block-column-is-layout-flow\" style=\"--col-width:18%;flex-basis:18%\">\n<a href=\"\/vvw\/download\/setup_vvw.exe\"><img decoding=\"async\" id=\"privat\" class=\"aligncenter size-full \" src=\"\/vvw\/wp-content\/uploads\/vvw_icon_grau.png\" alt=\"\" width=\"160\"><\/a>\n\n\n\n<p><\/p>\n<\/div>\n\n\n\n<div class=\"wp-block-column tw-mt-2 is-layout-flow wp-block-column-is-layout-flow\" style=\"--col-width:60%;flex-basis:60%\">\n<h2 class=\"wp-block-heading\">60 Tage testen<\/h2>\n\n\n\n<p><strong>D<\/strong><strong>ownloaden Sie ALF-VVW und testen Sie die ALF-Vertragsverwaltung bis zu 60 Tage kostenlos im kompletten Funktionsumfang.<\/strong><\/p>\n\n\n\n<p>Sie werden begeistert sein, wie komfortabel und \u00fcbersichtlich Sie Ihre Dokumente verwalten. Mit der integrierten Terminverwaltung verpassen Sie keinen Termin mehr.<\/p>\n<\/div>\n\n\n\n<div class=\"wp-block-column is-vertically-aligned-center tw-mt-2 is-layout-flow wp-block-column-is-layout-flow\" style=\"--col-width:22%;flex-basis:22%\">\n<div class=\"wp-block-button aligncenter\"><a class=\"wp-block-button__link\" href=\"\/vvw\/download\/setup_vvw.exe\">Download<\/a><\/div>\n\n\n\n<p><\/p>\n<\/div>\n<\/div>\n<\/div>\n<\/div>\n<\/div><\/div>\n\n\n\n<div class=\"wp-block-group alignfull\"><div class=\"wp-block-group__inner-container is-layout-flow wp-block-group-is-layout-flow\">\n<div class=\"wp-block-columns alignwide tw-cols-card tw-cols-card-shadow is-layout-flex wp-container-core-columns-is-layout-d0b3c9c8 wp-block-columns-is-layout-flex\">\n<div class=\"wp-block-column is-vertically-aligned-center is-layout-flow wp-block-column-is-layout-flow\">\n<div class=\"wp-block-columns alignwide tw-cols-stack-md tw-gutter-large is-layout-flex wp-container-core-columns-is-layout-d0b3c9c8 wp-block-columns-is-layout-flex\">\n<div class=\"wp-block-column is-vertically-aligned-center tw-mb-2 is-layout-flow wp-block-column-is-layout-flow\" style=\"--col-width:18%;flex-basis:18%\">\n<a href=\"\/vvw\/shop\/\"><img decoding=\"async\" id=\"family\" class=\"aligncenter size-full \" src=\"\/vvw\/wp-content\/uploads\/vvw_icon_hellblau.png\" alt=\"\" width=\"160\"><\/a>\n\n\n\n<p><\/p>\n<\/div>\n\n\n\n<div class=\"wp-block-column tw-mt-2 is-layout-flow wp-block-column-is-layout-flow\" style=\"--col-width:60%;flex-basis:60%\">\n<h2 class=\"wp-block-heading\">Privat<\/h2>\n\n\n\n<p><strong><strong>Die Privat-Version verwaltet Ihre privaten Unterlagen.<\/strong><\/strong><\/p>\n\n\n\n<p>Damit ordnen Sie Ihre Vertr\u00e4ge \u00fcbersichtlich und haben die Kosten und K\u00fcndigungstermine im Blick. Legen Sie Vertr\u00e4ge mit einem Klick an und ordnen Sie PDFs, Texte, eingescannte Dokumente zu oder erfassen Sie Infos per Hand. Mit der integrierten Terminverwaltung verpassen Sie keinen K\u00fcndigungstermin und damit kein eventuell viel g\u00fcnstigeres Umstiegsangebot mehr. Sie beantragen jetzt die Monatskarte f\u00fcr die \u201e\u00d6ffentlichen\u201c regelm\u00e4\u00dfig und auch Ihren neuen Reisepass rechtzeitig vor der n\u00e4chsten Reise.<\/p>\n\n\n\n<p><strong>Einschr\u00e4nkung: Maximal 1 Person und beliebig viele Vertr\u00e4ge bzw. Dokumente<\/strong> (auf maximal 2 Windows PCs installierbar)<\/p>\n<\/div>\n\n\n\n<div class=\"wp-block-column is-vertically-aligned-center tw-mt-2 is-layout-flow wp-block-column-is-layout-flow\" style=\"--col-width:22%;flex-basis:22%\">\n<div class=\"wp-block-button aligncenter\"><a class=\"wp-block-button__link\" href=\"\/vvw\/shop\/\">Zum Shop<\/a><\/div>\n\n\n\n<p><\/p>\n<\/div>\n<\/div>\n<\/div>\n<\/div>\n<\/div><\/div>\n\n\n\n<div class=\"wp-block-group alignfull\"><div class=\"wp-block-group__inner-container is-layout-flow wp-block-group-is-layout-flow\">\n<div class=\"wp-block-columns alignwide tw-cols-card tw-cols-card-shadow is-layout-flex wp-container-core-columns-is-layout-d0b3c9c8 wp-block-columns-is-layout-flex\">\n<div class=\"wp-block-column is-vertically-aligned-center is-layout-flow wp-block-column-is-layout-flow\">\n<div class=\"wp-block-columns alignwide tw-cols-stack-md tw-gutter-large is-layout-flex wp-container-core-columns-is-layout-d0b3c9c8 wp-block-columns-is-layout-flex\">\n<div class=\"wp-block-column is-vertically-aligned-center tw-mb-2 is-layout-flow wp-block-column-is-layout-flow\" style=\"--col-width:18%;flex-basis:18%\">\n<a href=\"\/vvw\/shop\/\"><img decoding=\"async\" class=\"aligncenter size-full \" src=\"\/vvw\/wp-content\/uploads\/vvw_icon_blau.png\" alt=\"\" width=\"160\"><\/a>\n\n\n\n<p><\/p>\n<\/div>\n\n\n\n<div class=\"wp-block-column tw-mt-2 is-layout-flow wp-block-column-is-layout-flow\" style=\"--col-width:60%;flex-basis:60%\">\n<h2 class=\"wp-block-heading\">Family<\/h2>\n\n\n\n<p><strong><strong>Die Family-Version verwaltet die privaten Unterlagen Ihrer Familie.<\/strong><\/strong><\/p>\n\n\n\n<p>Damit ordnen Sie Ihre Vertr\u00e4ge \u00fcbersichtlich und haben die Kosten und K\u00fcndigungstermine im Blick. Legen Sie Vertr\u00e4ge mit einem Klick an und ordnen Sie PDFs, Texte, eingescannte Dokumente zu oder erfassen Sie Infos per Hand. Mit der integrierten Terminverwaltung verpassen Sie keinen K\u00fcndigungstermin und damit kein eventuell viel g\u00fcnstigeres Umstiegsangebot mehr. Sie beantragen jetzt die Monatskarte f\u00fcr die \u201e\u00d6ffentlichen\u201c regelm\u00e4\u00dfig und auch Ihren neuen Reisepass rechtzeitig vor der n\u00e4chsten Reise. <\/p>\n\n\n\n<p><strong>Einschr\u00e4nkung: Maximal 6 Personen und beliebig viele Vertr\u00e4ge bzw. Dokumente<\/strong> (auf maximal 2 Windows PCs oder USB-Stick installierbar)<\/p>\n<\/div>\n\n\n\n<div class=\"wp-block-column is-vertically-aligned-center tw-mt-2 is-layout-flow wp-block-column-is-layout-flow\" style=\"--col-width:22%;flex-basis:22%\">\n<div class=\"wp-block-button aligncenter\"><a class=\"wp-block-button__link\" href=\"\/vvw\/shop\/\">Zum Shop<\/a><\/div>\n\n\n\n<p><\/p>\n<\/div>\n<\/div>\n<\/div>\n<\/div>\n<\/div><\/div>\n\n\n\n<div class=\"wp-block-group alignfull\" id=\"mandant\"><div class=\"wp-block-group__inner-container is-layout-flow wp-block-group-is-layout-flow\">\n<div class=\"wp-block-columns alignwide tw-cols-card tw-cols-card-shadow is-layout-flex wp-container-core-columns-is-layout-d0b3c9c8 wp-block-columns-is-layout-flex\">\n<div class=\"wp-block-column is-vertically-aligned-center is-layout-flow wp-block-column-is-layout-flow\">\n<div class=\"wp-block-columns alignwide tw-cols-stack-md tw-gutter-large is-layout-flex wp-container-core-columns-is-layout-d0b3c9c8 wp-block-columns-is-layout-flex\">\n<div class=\"wp-block-column is-vertically-aligned-center tw-mb-2 is-layout-flow wp-block-column-is-layout-flow\" style=\"--col-width:18%;flex-basis:18%\">\n<a href=\"\/vvw\/shop\/\"><img decoding=\"async\" class=\"aligncenter size-full \" src=\"\/vvw\/wp-content\/uploads\/vvw_icon_gruen.png\" alt=\"\" width=\"160\"><\/a>\n\n\n\n<p><\/p>\n<\/div>\n\n\n\n<div class=\"wp-block-column tw-mt-2 is-layout-flow wp-block-column-is-layout-flow\" style=\"--col-width:60%;flex-basis:60%\">\n<h2 class=\"wp-block-heading\">Mandant<\/h2>\n\n\n\n<p><strong><strong>Mit der Mandant-Version verwalten Sie die Vertragsdaten f\u00fcr Ihre Kunden<\/strong><\/strong><\/p>\n\n\n\n<p>Erfassen Sie beliebig viele Vertr\u00e4ge bzw. Dokumente f\u00fcr beliebig viele Kunden. Die integrierte Terminverwaltung sorgt daf\u00fcr, dass Sie bzw. Ihre Kunden keinen K\u00fcndigungstermin mehr verpassen \u2013 egal, ob Stromanbieter, Mobilfunkvertrag, Zeitschriften-ABO, Musik-Streaming-Dienst, Pay-TV oder Versicherungsvertrag. Die Ausgabe der Vertragsdaten ist gesamt oder je Kunde m\u00f6glich. Sie werden begeistert sein, wie komfortabel und \u00fcbersichtlich Vertragsverwaltung sein kann.<\/p>\n\n\n\n<p><strong>Die Mandant-Version verwaltet beliebig viele Vertr\u00e4ge f\u00fcr beliebig viele Personen.<\/strong> Die Mandant-Version ist auf maximal 3 Windows PCs oder auf USB-Stick installierbar.<\/p>\n<\/div>\n\n\n\n<div class=\"wp-block-column is-vertically-aligned-center tw-mt-2 is-layout-flow wp-block-column-is-layout-flow\" style=\"--col-width:22%;flex-basis:22%\">\n<div class=\"wp-block-button aligncenter\"><a class=\"wp-block-button__link\" href=\"\/vvw\/shop\/\">Zum Shop<\/a><\/div>\n\n\n\n<p><\/p>\n<\/div>\n<\/div>\n<\/div>\n<\/div>\n<\/div><\/div>\n\n\n\n<div class=\"wp-block-group alignfull\" id=\"business\"><div class=\"wp-block-group__inner-container is-layout-flow wp-block-group-is-layout-flow\">\n<div class=\"wp-block-columns alignwide tw-cols-card tw-cols-card-shadow is-layout-flex wp-container-core-columns-is-layout-d0b3c9c8 wp-block-columns-is-layout-flex\">\n<div class=\"wp-block-column is-vertically-aligned-center is-layout-flow wp-block-column-is-layout-flow\">\n<div class=\"wp-block-columns alignwide tw-cols-stack-md tw-gutter-large is-layout-flex wp-container-core-columns-is-layout-d0b3c9c8 wp-block-columns-is-layout-flex\">\n<div class=\"wp-block-column is-vertically-aligned-center tw-mb-2 is-layout-flow wp-block-column-is-layout-flow\" style=\"--col-width:18%;flex-basis:18%\">\n<a href=\"\/vvw\/shop\/\"><img decoding=\"async\" class=\"aligncenter size-full \" src=\"\/vvw\/wp-content\/uploads\/vvw_icon_orange.png\" alt=\"\" width=\"160\"><\/a>\n\n\n\n<p><\/p>\n<\/div>\n\n\n\n<div class=\"wp-block-column tw-mt-2 is-layout-flow wp-block-column-is-layout-flow\" style=\"--col-width:60%;flex-basis:60%\">\n<h2 class=\"wp-block-heading\">Business<\/h2>\n\n\n\n<p><strong><strong>Mit der Business-Version verwalten Sie die Vertragsdaten f\u00fcr Ihre Firma <\/strong>sowie f\u00fcr Ihre Firmenkunden.<\/strong><\/p>\n\n\n\n<p>Erfassen Sie beliebig viele Vertr\u00e4ge bzw. Dokumente f\u00fcr beliebig viele Kunden. Die integrierte Terminverwaltung sorgt daf\u00fcr, dass Sie bzw. Ihre Kunden keinen K\u00fcndigungstermin mehr verpassen. Die Ausgabe der Vertragsdaten ist gesamt oder je Kunde m\u00f6glich. <\/p>\n\n\n\n<p>Zus\u00e4tzlich bietet die Business-Version ca. <strong>30 exklusive Business-Vertragsarten<\/strong>, z. B. Arbeitsvertrag (Arbeitgeber), Firmenvollmachten, Dienstvertrag, Hausmeistervertrag &#8230;<\/p>\n\n\n\n<p><strong>Die Business-Version verwaltet beliebig viele Vertr\u00e4ge f\u00fcr beliebig viele Personen.<\/strong> Die Business-Version ist auf maximal 5 PCs, USB Stick oder einem Terminalserver installierbar und von bis zu 5 Pl\u00e4tzen gleichzeitig nutzbar.<\/p>\n<\/div>\n\n\n\n<div class=\"wp-block-column is-vertically-aligned-center tw-mt-2 is-layout-flow wp-block-column-is-layout-flow\" style=\"--col-width:22%;flex-basis:22%\">\n<div class=\"wp-block-button aligncenter\"><a class=\"wp-block-button__link\" href=\"\/vvw\/shop\/\">Zum Shop<\/a><\/div>\n\n\n\n<p><\/p>\n<\/div>\n<\/div>\n<\/div>\n<\/div>\n<\/div><\/div>\n\n\n\n<p><a href=\"\/vvw\/vvw.html\"><\/a><a href=\"\/vvw\/vvw.html\"><\/a><\/p>\n","protected":false},"excerpt":{"rendered":"<p>60 Tage testen Downloaden Sie ALF-VVW und testen Sie die ALF-Vertragsverwaltung bis zu 60 Tage kostenlos im kompletten Funktionsumfang. Sie werden begeistert sein, wie komfortabel und \u00fcbersichtlich Sie Ihre Dokumente verwalten. Mit der integrierten Terminverwaltung verpassen Sie keinen Termin mehr. Download Privat Die Privat-Version verwaltet Ihre privaten Unterlagen. Damit ordnen Sie Ihre Vertr\u00e4ge \u00fcbersichtlich und&hellip;<\/p>\n","protected":false},"author":2,"featured_media":0,"parent":0,"menu_order":0,"comment_status":"closed","ping_status":"closed","template":"","meta":{"_glsr_average":0,"_glsr_ranking":0,"_glsr_reviews":0,"footnotes":""},"class_list":["post-155","page","type-page","status-publish","hentry"],"yoast_head":"<!-- This site is optimized with the Yoast SEO plugin v27.5 - https:\/\/yoast.com\/product\/yoast-seo-wordpress\/ -->\n<title>Produkte - ALF-VVW<\/title>\n<meta name=\"robots\" content=\"index, follow, max-snippet:-1, max-image-preview:large, max-video-preview:-1\" \/>\n<link rel=\"canonical\" href=\"https:\/\/www.alfag.de\/vvw\/produkte\/\" \/>\n<meta property=\"og:locale\" content=\"de_DE\" \/>\n<meta property=\"og:type\" content=\"article\" \/>\n<meta property=\"og:title\" content=\"Produkte - ALF-VVW\" \/>\n<meta property=\"og:description\" content=\"60 Tage testen Downloaden Sie ALF-VVW und testen Sie die ALF-Vertragsverwaltung bis zu 60 Tage kostenlos im kompletten Funktionsumfang. Sie werden begeistert sein, wie komfortabel und \u00fcbersichtlich Sie Ihre Dokumente verwalten. Mit der integrierten Terminverwaltung verpassen Sie keinen Termin mehr. Download Privat Die Privat-Version verwaltet Ihre privaten Unterlagen. Damit ordnen Sie Ihre Vertr\u00e4ge \u00fcbersichtlich und&hellip;\" \/>\n<meta property=\"og:url\" content=\"https:\/\/www.alfag.de\/vvw\/produkte\/\" \/>\n<meta property=\"og:site_name\" content=\"ALF-VVW\" \/>\n<meta property=\"article:modified_time\" content=\"2025-03-12T12:22:58+00:00\" \/>\n<meta name=\"twitter:card\" content=\"summary_large_image\" \/>\n<meta name=\"twitter:label1\" content=\"Gesch\u00e4tzte Lesezeit\" \/>\n\t<meta name=\"twitter:data1\" content=\"4\u00a0Minuten\" \/>\n<script type=\"application\/ld+json\" class=\"yoast-schema-graph\">{\"@context\":\"https:\\\/\\\/schema.org\",\"@graph\":[{\"@type\":\"WebPage\",\"@id\":\"https:\\\/\\\/www.alfag.de\\\/vvw\\\/produkte\\\/\",\"url\":\"https:\\\/\\\/www.alfag.de\\\/vvw\\\/produkte\\\/\",\"name\":\"Produkte - ALF-VVW\",\"isPartOf\":{\"@id\":\"https:\\\/\\\/www.alfag.de\\\/vvw\\\/#website\"},\"datePublished\":\"2020-11-02T08:45:50+00:00\",\"dateModified\":\"2025-03-12T12:22:58+00:00\",\"breadcrumb\":{\"@id\":\"https:\\\/\\\/www.alfag.de\\\/vvw\\\/produkte\\\/#breadcrumb\"},\"inLanguage\":\"de\",\"potentialAction\":[{\"@type\":\"ReadAction\",\"target\":[\"https:\\\/\\\/www.alfag.de\\\/vvw\\\/produkte\\\/\"]}]},{\"@type\":\"BreadcrumbList\",\"@id\":\"https:\\\/\\\/www.alfag.de\\\/vvw\\\/produkte\\\/#breadcrumb\",\"itemListElement\":[{\"@type\":\"ListItem\",\"position\":1,\"name\":\"Startseite\",\"item\":\"https:\\\/\\\/www.alfag.de\\\/vvw\\\/\"},{\"@type\":\"ListItem\",\"position\":2,\"name\":\"Produkte\"}]},{\"@type\":\"WebSite\",\"@id\":\"https:\\\/\\\/www.alfag.de\\\/vvw\\\/#website\",\"url\":\"https:\\\/\\\/www.alfag.de\\\/vvw\\\/\",\"name\":\"ALF-VVW\",\"description\":\"ALF-VVW Vertragsverwaltung\",\"publisher\":{\"@id\":\"https:\\\/\\\/www.alfag.de\\\/vvw\\\/#organization\"},\"potentialAction\":[{\"@type\":\"SearchAction\",\"target\":{\"@type\":\"EntryPoint\",\"urlTemplate\":\"https:\\\/\\\/www.alfag.de\\\/vvw\\\/?s={search_term_string}\"},\"query-input\":{\"@type\":\"PropertyValueSpecification\",\"valueRequired\":true,\"valueName\":\"search_term_string\"}}],\"inLanguage\":\"de\"},{\"@type\":\"Organization\",\"@id\":\"https:\\\/\\\/www.alfag.de\\\/vvw\\\/#organization\",\"name\":\"ALF-VVW\",\"url\":\"https:\\\/\\\/www.alfag.de\\\/vvw\\\/\",\"logo\":{\"@type\":\"ImageObject\",\"inLanguage\":\"de\",\"@id\":\"https:\\\/\\\/www.alfag.de\\\/vvw\\\/#\\\/schema\\\/logo\\\/image\\\/\",\"url\":\"https:\\\/\\\/www.alfag.de\\\/vvw\\\/wp-content\\\/uploads\\\/cropped-vvw_icon_blau_klein.png\",\"contentUrl\":\"https:\\\/\\\/www.alfag.de\\\/vvw\\\/wp-content\\\/uploads\\\/cropped-vvw_icon_blau_klein.png\",\"width\":64,\"height\":64,\"caption\":\"ALF-VVW\"},\"image\":{\"@id\":\"https:\\\/\\\/www.alfag.de\\\/vvw\\\/#\\\/schema\\\/logo\\\/image\\\/\"}}]}<\/script>\n<!-- \/ Yoast SEO plugin. -->","yoast_head_json":{"title":"Produkte - ALF-VVW","robots":{"index":"index","follow":"follow","max-snippet":"max-snippet:-1","max-image-preview":"max-image-preview:large","max-video-preview":"max-video-preview:-1"},"canonical":"https:\/\/www.alfag.de\/vvw\/produkte\/","og_locale":"de_DE","og_type":"article","og_title":"Produkte - ALF-VVW","og_description":"60 Tage testen Downloaden Sie ALF-VVW und testen Sie die ALF-Vertragsverwaltung bis zu 60 Tage kostenlos im kompletten Funktionsumfang. Sie werden begeistert sein, wie komfortabel und \u00fcbersichtlich Sie Ihre Dokumente verwalten. Mit der integrierten Terminverwaltung verpassen Sie keinen Termin mehr. Download Privat Die Privat-Version verwaltet Ihre privaten Unterlagen. Damit ordnen Sie Ihre Vertr\u00e4ge \u00fcbersichtlich und&hellip;","og_url":"https:\/\/www.alfag.de\/vvw\/produkte\/","og_site_name":"ALF-VVW","article_modified_time":"2025-03-12T12:22:58+00:00","twitter_card":"summary_large_image","twitter_misc":{"Gesch\u00e4tzte Lesezeit":"4\u00a0Minuten"},"schema":{"@context":"https:\/\/schema.org","@graph":[{"@type":"WebPage","@id":"https:\/\/www.alfag.de\/vvw\/produkte\/","url":"https:\/\/www.alfag.de\/vvw\/produkte\/","name":"Produkte - ALF-VVW","isPartOf":{"@id":"https:\/\/www.alfag.de\/vvw\/#website"},"datePublished":"2020-11-02T08:45:50+00:00","dateModified":"2025-03-12T12:22:58+00:00","breadcrumb":{"@id":"https:\/\/www.alfag.de\/vvw\/produkte\/#breadcrumb"},"inLanguage":"de","potentialAction":[{"@type":"ReadAction","target":["https:\/\/www.alfag.de\/vvw\/produkte\/"]}]},{"@type":"BreadcrumbList","@id":"https:\/\/www.alfag.de\/vvw\/produkte\/#breadcrumb","itemListElement":[{"@type":"ListItem","position":1,"name":"Startseite","item":"https:\/\/www.alfag.de\/vvw\/"},{"@type":"ListItem","position":2,"name":"Produkte"}]},{"@type":"WebSite","@id":"https:\/\/www.alfag.de\/vvw\/#website","url":"https:\/\/www.alfag.de\/vvw\/","name":"ALF-VVW","description":"ALF-VVW Vertragsverwaltung","publisher":{"@id":"https:\/\/www.alfag.de\/vvw\/#organization"},"potentialAction":[{"@type":"SearchAction","target":{"@type":"EntryPoint","urlTemplate":"https:\/\/www.alfag.de\/vvw\/?s={search_term_string}"},"query-input":{"@type":"PropertyValueSpecification","valueRequired":true,"valueName":"search_term_string"}}],"inLanguage":"de"},{"@type":"Organization","@id":"https:\/\/www.alfag.de\/vvw\/#organization","name":"ALF-VVW","url":"https:\/\/www.alfag.de\/vvw\/","logo":{"@type":"ImageObject","inLanguage":"de","@id":"https:\/\/www.alfag.de\/vvw\/#\/schema\/logo\/image\/","url":"https:\/\/www.alfag.de\/vvw\/wp-content\/uploads\/cropped-vvw_icon_blau_klein.png","contentUrl":"https:\/\/www.alfag.de\/vvw\/wp-content\/uploads\/cropped-vvw_icon_blau_klein.png","width":64,"height":64,"caption":"ALF-VVW"},"image":{"@id":"https:\/\/www.alfag.de\/vvw\/#\/schema\/logo\/image\/"}}]}},"_links":{"self":[{"href":"https:\/\/www.alfag.de\/vvw\/wp-json\/wp\/v2\/pages\/155","targetHints":{"allow":["GET"]}}],"collection":[{"href":"https:\/\/www.alfag.de\/vvw\/wp-json\/wp\/v2\/pages"}],"about":[{"href":"https:\/\/www.alfag.de\/vvw\/wp-json\/wp\/v2\/types\/page"}],"author":[{"embeddable":true,"href":"https:\/\/www.alfag.de\/vvw\/wp-json\/wp\/v2\/users\/2"}],"replies":[{"embeddable":true,"href":"https:\/\/www.alfag.de\/vvw\/wp-json\/wp\/v2\/comments?post=155"}],"version-history":[{"count":10,"href":"https:\/\/www.alfag.de\/vvw\/wp-json\/wp\/v2\/pages\/155\/revisions"}],"predecessor-version":[{"id":1851,"href":"https:\/\/www.alfag.de\/vvw\/wp-json\/wp\/v2\/pages\/155\/revisions\/1851"}],"wp:attachment":[{"href":"https:\/\/www.alfag.de\/vvw\/wp-json\/wp\/v2\/media?parent=155"}],"curies":[{"name":"wp","href":"https:\/\/api.w.org\/{rel}","templated":true}]}}