{"id":434,"date":"2021-01-21T13:44:42","date_gmt":"2021-01-21T12:44:42","guid":{"rendered":"https:\/\/vvw.alf-banco.de\/?page_id=434"},"modified":"2021-03-25T13:16:01","modified_gmt":"2021-03-25T12:16:01","slug":"neue-kritik-schreiben","status":"publish","type":"page","link":"https:\/\/www.alfag.de\/vvw\/neue-kritik-schreiben\/","title":{"rendered":"Neue Kritik schreiben"},"content":{"rendered":"\n<div class=\"wp-block-group alignfull\"><div class=\"wp-block-group__inner-container is-layout-flow wp-block-group-is-layout-flow\">\n<div class=\"wp-block-columns alignwide are-vertically-aligned-center is-layout-flex wp-container-core-columns-is-layout-d0b3c9c8 wp-block-columns-is-layout-flex\">\n<div class=\"wp-block-column is-vertically-aligned-center is-layout-flow wp-block-column-is-layout-flow\" style=\"--col-width:100%;flex-basis:100%\">\n<p class=\"has-large-font-size\"><strong>Wichtig:<\/strong>  Bitte nutzen Sie diesen Kritikbereich nicht, um Support-Fragen zu stellen oder Programmw\u00fcnsche zu \u00fcbermitteln. <br>Nutzen Sie f\u00fcr Supportfragen bitte immer den <a href=\"https:\/\/vvw.alf-banco.de\/support\/\">direkten Mailkontakt<\/a>, um schnellstm\u00f6glich Antwort zu erhalten. Vielen Dank!<\/p>\n\n\n<div class=\"items-justified-left wp-block-site-reviews-form\"><div class=\"glsr glsr-twentytwenty\" id=\"glsr_dzrppjvj\" data-from=\"block\" data-shortcode=\"site_reviews_form\" data-hide=\"title\"><div class=\"glsr-form-wrap\">\n    <form class=\"glsr-form glsr-review-form\" method=\"post\" enctype=\"multipart\/form-data\">\n        <input type=\"hidden\" name=\"site-reviews[_action]\" value=\"submit-review\" \/>\n<input type=\"hidden\" name=\"site-reviews[_nonce]\" value=\"5e293d83ac\" \/>\n<input type=\"hidden\" name=\"site-reviews[_post_id]\" value=\"434\" \/>\n<input type=\"hidden\" name=\"site-reviews[_referer]\" value=\"\" \/>\n<input type=\"hidden\" name=\"site-reviews[assigned_posts]\" value=\"\" \/>\n<input type=\"hidden\" name=\"site-reviews[assigned_terms]\" value=\"\" \/>\n<input type=\"hidden\" name=\"site-reviews[assigned_users]\" value=\"\" \/>\n<input type=\"hidden\" name=\"site-reviews[excluded]\" value=\"title\" \/>\n<input type=\"hidden\" name=\"site-reviews[form_id]\" value=\"glsr_dzrppjvj\" \/>\n<input type=\"hidden\" name=\"site-reviews[form_signature]\" value=\"I_2NAxVGwDqQ8av3jS6gn3MnzufCNz2LSOtusvWaciwsESS9C05Xu1brxCtX7RlTe7qMkp1DlFfkRqoEfjpkR4sXX_bp0sgHV8a8lbQHhAg3zcY4hZ_XMwpbX0E7-TfDVBXehbH-MvwPWn8CKr2KiV42a6OY86rZUCIkEBxKg3XBygJEHHrnT9wKUxfJ1EMjsUD0lb_uU5NSF0xgMFgF6dRutdsFvak4mWnlNS53ZlWJj2ppOzv3xd5L2sAsBm2L5N2rE-WZwWWCi6vPteMKYrXFpH3YGRrNTahf6C71r3Ktfvh0encRhezeXME2Y0tFpjBDXHxW3tRjs7Z6cVJItBrtzUeBvE8TCmwQGG03gWOZrath2wmDfQzIVx9ZFd7cwoMIEuw6Bazm3XObNeOS_Goh95BNA45PlTENOBLduGmB8KW20tmVcTe-recNuSQZ\" \/>\n<input type=\"hidden\" name=\"site-reviews[terms_exist]\" value=\"1\" \/>\n<div class=\"glsr-field\" style=\"display:none;\"><label for=\"site-reviews-b0351fc5-glsr_dzrppjvj\">Deine Rezension<\/label><input type=\"text\" class=\"glsr-input glsr-input-text\" id=\"site-reviews-b0351fc5-glsr_dzrppjvj\" name=\"site-reviews[b0351fc5]\" value=\"\" \/><\/div>\n<div class=\"glsr-field glsr-field-rating glsr-required\" data-field=\"rating\" data-type=\"rating\">\n    <label class=\"glsr-label\" for=\"glsr_dzrppjvj-rating\">\n    <span>Deine Gesamtbewertung<\/span>\n<\/label>\n    <select class=\"browser-default disable-select glsr-select no-wrap no_wrap\" id=\"glsr_dzrppjvj-rating\" name=\"site-reviews[rating]\" required><option value=\"\">Gib eine Punktzahl<\/option><option value=\"5\">5\u00a0Sterne<\/option><option value=\"4\">4\u00a0Sterne<\/option><option value=\"3\">3\u00a0Sterne<\/option><option value=\"2\">2\u00a0Sterne<\/option><option value=\"1\">1\u00a0Stern<\/option><\/select>\n    <div class=\"glsr-field-error\"><\/div>\n<\/div>\n<div class=\"glsr-field glsr-field-textarea glsr-required\" data-field=\"content\" data-type=\"textarea\">\n    <label class=\"glsr-label\" for=\"glsr_dzrppjvj-content\">\n    <span>Deine Rezension<\/span>\n<\/label>\n    <textarea class=\"glsr-textarea\" id=\"glsr_dzrppjvj-content\" name=\"site-reviews[content]\" required placeholder=\"Ver\u00f6ffentliche Deine Bewertung\" rows=\"5\"><\/textarea>\n    <div class=\"glsr-field-error\"><\/div>\n<\/div>\n<div class=\"glsr-field glsr-field-text glsr-required\" data-field=\"name\" data-type=\"text\">\n    <label class=\"glsr-label\" for=\"glsr_dzrppjvj-name\">\n    <span>Dein Name<\/span>\n<\/label>\n    <input type=\"text\" class=\"glsr-input glsr-input-text\" id=\"glsr_dzrppjvj-name\" name=\"site-reviews[name]\" required placeholder=\"Nenne uns Deinen Namen\" value=\"\" \/>\n    <div class=\"glsr-field-error\"><\/div>\n<\/div>\n<div class=\"glsr-field glsr-field-email glsr-required\" data-field=\"email\" data-type=\"email\">\n    <label class=\"glsr-label\" for=\"glsr_dzrppjvj-email\">\n    <span>Deine E-Mail-Adresse<\/span>\n<\/label>\n    <input type=\"email\" class=\"glsr-input glsr-input-email\" id=\"glsr_dzrppjvj-email\" name=\"site-reviews[email]\" required placeholder=\"Nenne uns Deine E-Mail-Adresse\" value=\"\" \/>\n    <div class=\"glsr-field-error\"><\/div>\n<\/div>\n<div class=\"glsr-field glsr-field-choice\" data-field=\"terms\" data-type=\"toggle\">\n    \n    <div class=\"glsr-field-subgroup\">\n        <span class=\"glsr-field-toggle\">\n    <span>\n        <span class=\"glsr-toggle\"><input type=\"checkbox\" class=\"glsr-input-toggle\" id=\"glsr_dzrppjvj-terms-1\" name=\"site-reviews[terms]\" value=\"1\" \/><span class=\"glsr-toggle-track\"><\/span><\/span>\n    <\/span>\n    <label for=\"glsr_dzrppjvj-terms-1\">Diese Bewertung basiert auf meiner pers\u00f6nlichen Erfahrung und entspricht meiner eigenen Meinung.<\/label>\n<\/span>\n    <\/div>\n    <div class=\"glsr-field-error\"><\/div>\n<\/div>\n        <div class=\"glsr-form-message\">\n    \n<\/div>\n        <div data-field=\"submit-button\">\n    <div class=\"wp-block-buttons is-layout-flex\">\n        <div class=\"wp-block-button\">\n            <button type=\"submit\" class=\"glsr-button wp-block-button__link wp-element-button\" aria-busy=\"false\" data-loading=\"Submitting, please wait...\">Submit Review<\/button>\n        <\/div>\n    <\/div>\n<\/div>\n    <\/form>\n<\/div><\/div><\/div><\/div>\n<\/div>\n<\/div><\/div>\n\n\n\n<p class=\"tw-text-wide\"><em><sub><strong>Deine E-Mail-Adresse wird nicht ver\u00f6ffentlicht. Sie dient ausschlie\u00dflich f\u00fcr die Beantwortung von Fragen durch die ALF AG.<\/strong><\/sub><\/em><\/p>\n\n\n\n<p class=\"tw-text-wide\"><em><sub>Ich stimme zu, dass die ALF AG die eingetragenen pers\u00f6nlichen Daten f\u00fcr die Ver\u00f6ffentlichung auf dieser Seite verwenden darf. Gem\u00e4\u00df \u00a7 17 DSGVO kann ich jederzeit gegen\u00fcber der ALF AG die Berichtigung, L\u00f6schung und Sperrung einzelner personenbezogener Daten verlangen. Ich bin gem\u00e4\u00df \u00a7 15 DSGVO jederzeit berechtigt, die ALF AG um Auskunftserteilung zu den zu meiner Person gespeicherten Daten zu ersuchen. ALF verarbeitet die personenbezogenen Daten entsprechend der gesetzlichen Bestimmungen und gibt diese niemals unbefugt an Dritte weiter. E-Mail-Adresse des ALF-Datenschutzbeauftragten: datenschutz@alfag.de. <\/sub><\/em><\/p>\n","protected":false},"excerpt":{"rendered":"<p>Wichtig: Bitte nutzen Sie diesen Kritikbereich nicht, um Support-Fragen zu stellen oder Programmw\u00fcnsche zu \u00fcbermitteln. Nutzen Sie f\u00fcr Supportfragen bitte immer den direkten Mailkontakt, um schnellstm\u00f6glich Antwort zu erhalten. Vielen Dank! Deine E-Mail-Adresse wird nicht ver\u00f6ffentlicht. Sie dient ausschlie\u00dflich f\u00fcr die Beantwortung von Fragen durch die ALF AG. Ich stimme zu, dass die ALF AG&hellip;<\/p>\n","protected":false},"author":2,"featured_media":0,"parent":0,"menu_order":0,"comment_status":"closed","ping_status":"closed","template":"","meta":{"_glsr_average":0,"_glsr_ranking":0,"_glsr_reviews":0,"footnotes":""},"class_list":["post-434","page","type-page","status-publish","hentry"],"yoast_head":"<!-- This site is optimized with the Yoast SEO plugin v27.3 - https:\/\/yoast.com\/product\/yoast-seo-wordpress\/ -->\n<title>Neue Kritik schreiben - ALF-VVW<\/title>\n<meta name=\"robots\" content=\"index, follow, max-snippet:-1, max-image-preview:large, max-video-preview:-1\" \/>\n<link rel=\"canonical\" href=\"https:\/\/www.alfag.de\/vvw\/neue-kritik-schreiben\/\" \/>\n<meta property=\"og:locale\" content=\"de_DE\" \/>\n<meta property=\"og:type\" content=\"article\" \/>\n<meta property=\"og:title\" content=\"Neue Kritik schreiben - ALF-VVW\" \/>\n<meta property=\"og:description\" content=\"Wichtig: Bitte nutzen Sie diesen Kritikbereich nicht, um Support-Fragen zu stellen oder Programmw\u00fcnsche zu \u00fcbermitteln. Nutzen Sie f\u00fcr Supportfragen bitte immer den direkten Mailkontakt, um schnellstm\u00f6glich Antwort zu erhalten. Vielen Dank! Deine E-Mail-Adresse wird nicht ver\u00f6ffentlicht. Sie dient ausschlie\u00dflich f\u00fcr die Beantwortung von Fragen durch die ALF AG. Ich stimme zu, dass die ALF AG&hellip;\" \/>\n<meta property=\"og:url\" content=\"https:\/\/www.alfag.de\/vvw\/neue-kritik-schreiben\/\" \/>\n<meta property=\"og:site_name\" content=\"ALF-VVW\" \/>\n<meta property=\"article:modified_time\" content=\"2021-03-25T12:16:01+00:00\" \/>\n<meta name=\"twitter:card\" content=\"summary_large_image\" \/>\n<meta name=\"twitter:label1\" content=\"Gesch\u00e4tzte Lesezeit\" \/>\n\t<meta name=\"twitter:data1\" content=\"1\u00a0Minute\" \/>\n<script type=\"application\/ld+json\" class=\"yoast-schema-graph\">{\"@context\":\"https:\\\/\\\/schema.org\",\"@graph\":[{\"@type\":\"WebPage\",\"@id\":\"https:\\\/\\\/www.alfag.de\\\/vvw\\\/neue-kritik-schreiben\\\/\",\"url\":\"https:\\\/\\\/www.alfag.de\\\/vvw\\\/neue-kritik-schreiben\\\/\",\"name\":\"Neue Kritik schreiben - ALF-VVW\",\"isPartOf\":{\"@id\":\"https:\\\/\\\/www.alfag.de\\\/vvw\\\/#website\"},\"datePublished\":\"2021-01-21T12:44:42+00:00\",\"dateModified\":\"2021-03-25T12:16:01+00:00\",\"breadcrumb\":{\"@id\":\"https:\\\/\\\/www.alfag.de\\\/vvw\\\/neue-kritik-schreiben\\\/#breadcrumb\"},\"inLanguage\":\"de\",\"potentialAction\":[{\"@type\":\"ReadAction\",\"target\":[\"https:\\\/\\\/www.alfag.de\\\/vvw\\\/neue-kritik-schreiben\\\/\"]}]},{\"@type\":\"BreadcrumbList\",\"@id\":\"https:\\\/\\\/www.alfag.de\\\/vvw\\\/neue-kritik-schreiben\\\/#breadcrumb\",\"itemListElement\":[{\"@type\":\"ListItem\",\"position\":1,\"name\":\"Startseite\",\"item\":\"https:\\\/\\\/www.alfag.de\\\/vvw\\\/\"},{\"@type\":\"ListItem\",\"position\":2,\"name\":\"Neue Kritik schreiben\"}]},{\"@type\":\"WebSite\",\"@id\":\"https:\\\/\\\/www.alfag.de\\\/vvw\\\/#website\",\"url\":\"https:\\\/\\\/www.alfag.de\\\/vvw\\\/\",\"name\":\"ALF-VVW\",\"description\":\"ALF-VVW Vertragsverwaltung\",\"publisher\":{\"@id\":\"https:\\\/\\\/www.alfag.de\\\/vvw\\\/#organization\"},\"potentialAction\":[{\"@type\":\"SearchAction\",\"target\":{\"@type\":\"EntryPoint\",\"urlTemplate\":\"https:\\\/\\\/www.alfag.de\\\/vvw\\\/?s={search_term_string}\"},\"query-input\":{\"@type\":\"PropertyValueSpecification\",\"valueRequired\":true,\"valueName\":\"search_term_string\"}}],\"inLanguage\":\"de\"},{\"@type\":\"Organization\",\"@id\":\"https:\\\/\\\/www.alfag.de\\\/vvw\\\/#organization\",\"name\":\"ALF-VVW\",\"url\":\"https:\\\/\\\/www.alfag.de\\\/vvw\\\/\",\"logo\":{\"@type\":\"ImageObject\",\"inLanguage\":\"de\",\"@id\":\"https:\\\/\\\/www.alfag.de\\\/vvw\\\/#\\\/schema\\\/logo\\\/image\\\/\",\"url\":\"https:\\\/\\\/www.alfag.de\\\/vvw\\\/wp-content\\\/uploads\\\/cropped-vvw_icon_blau_klein.png\",\"contentUrl\":\"https:\\\/\\\/www.alfag.de\\\/vvw\\\/wp-content\\\/uploads\\\/cropped-vvw_icon_blau_klein.png\",\"width\":64,\"height\":64,\"caption\":\"ALF-VVW\"},\"image\":{\"@id\":\"https:\\\/\\\/www.alfag.de\\\/vvw\\\/#\\\/schema\\\/logo\\\/image\\\/\"}}]}<\/script>\n<!-- \/ Yoast SEO plugin. -->","yoast_head_json":{"title":"Neue Kritik schreiben - ALF-VVW","robots":{"index":"index","follow":"follow","max-snippet":"max-snippet:-1","max-image-preview":"max-image-preview:large","max-video-preview":"max-video-preview:-1"},"canonical":"https:\/\/www.alfag.de\/vvw\/neue-kritik-schreiben\/","og_locale":"de_DE","og_type":"article","og_title":"Neue Kritik schreiben - ALF-VVW","og_description":"Wichtig: Bitte nutzen Sie diesen Kritikbereich nicht, um Support-Fragen zu stellen oder Programmw\u00fcnsche zu \u00fcbermitteln. Nutzen Sie f\u00fcr Supportfragen bitte immer den direkten Mailkontakt, um schnellstm\u00f6glich Antwort zu erhalten. Vielen Dank! Deine E-Mail-Adresse wird nicht ver\u00f6ffentlicht. Sie dient ausschlie\u00dflich f\u00fcr die Beantwortung von Fragen durch die ALF AG. Ich stimme zu, dass die ALF AG&hellip;","og_url":"https:\/\/www.alfag.de\/vvw\/neue-kritik-schreiben\/","og_site_name":"ALF-VVW","article_modified_time":"2021-03-25T12:16:01+00:00","twitter_card":"summary_large_image","twitter_misc":{"Gesch\u00e4tzte Lesezeit":"1\u00a0Minute"},"schema":{"@context":"https:\/\/schema.org","@graph":[{"@type":"WebPage","@id":"https:\/\/www.alfag.de\/vvw\/neue-kritik-schreiben\/","url":"https:\/\/www.alfag.de\/vvw\/neue-kritik-schreiben\/","name":"Neue Kritik schreiben - ALF-VVW","isPartOf":{"@id":"https:\/\/www.alfag.de\/vvw\/#website"},"datePublished":"2021-01-21T12:44:42+00:00","dateModified":"2021-03-25T12:16:01+00:00","breadcrumb":{"@id":"https:\/\/www.alfag.de\/vvw\/neue-kritik-schreiben\/#breadcrumb"},"inLanguage":"de","potentialAction":[{"@type":"ReadAction","target":["https:\/\/www.alfag.de\/vvw\/neue-kritik-schreiben\/"]}]},{"@type":"BreadcrumbList","@id":"https:\/\/www.alfag.de\/vvw\/neue-kritik-schreiben\/#breadcrumb","itemListElement":[{"@type":"ListItem","position":1,"name":"Startseite","item":"https:\/\/www.alfag.de\/vvw\/"},{"@type":"ListItem","position":2,"name":"Neue Kritik schreiben"}]},{"@type":"WebSite","@id":"https:\/\/www.alfag.de\/vvw\/#website","url":"https:\/\/www.alfag.de\/vvw\/","name":"ALF-VVW","description":"ALF-VVW Vertragsverwaltung","publisher":{"@id":"https:\/\/www.alfag.de\/vvw\/#organization"},"potentialAction":[{"@type":"SearchAction","target":{"@type":"EntryPoint","urlTemplate":"https:\/\/www.alfag.de\/vvw\/?s={search_term_string}"},"query-input":{"@type":"PropertyValueSpecification","valueRequired":true,"valueName":"search_term_string"}}],"inLanguage":"de"},{"@type":"Organization","@id":"https:\/\/www.alfag.de\/vvw\/#organization","name":"ALF-VVW","url":"https:\/\/www.alfag.de\/vvw\/","logo":{"@type":"ImageObject","inLanguage":"de","@id":"https:\/\/www.alfag.de\/vvw\/#\/schema\/logo\/image\/","url":"https:\/\/www.alfag.de\/vvw\/wp-content\/uploads\/cropped-vvw_icon_blau_klein.png","contentUrl":"https:\/\/www.alfag.de\/vvw\/wp-content\/uploads\/cropped-vvw_icon_blau_klein.png","width":64,"height":64,"caption":"ALF-VVW"},"image":{"@id":"https:\/\/www.alfag.de\/vvw\/#\/schema\/logo\/image\/"}}]}},"_links":{"self":[{"href":"https:\/\/www.alfag.de\/vvw\/wp-json\/wp\/v2\/pages\/434","targetHints":{"allow":["GET"]}}],"collection":[{"href":"https:\/\/www.alfag.de\/vvw\/wp-json\/wp\/v2\/pages"}],"about":[{"href":"https:\/\/www.alfag.de\/vvw\/wp-json\/wp\/v2\/types\/page"}],"author":[{"embeddable":true,"href":"https:\/\/www.alfag.de\/vvw\/wp-json\/wp\/v2\/users\/2"}],"replies":[{"embeddable":true,"href":"https:\/\/www.alfag.de\/vvw\/wp-json\/wp\/v2\/comments?post=434"}],"version-history":[{"count":10,"href":"https:\/\/www.alfag.de\/vvw\/wp-json\/wp\/v2\/pages\/434\/revisions"}],"predecessor-version":[{"id":648,"href":"https:\/\/www.alfag.de\/vvw\/wp-json\/wp\/v2\/pages\/434\/revisions\/648"}],"wp:attachment":[{"href":"https:\/\/www.alfag.de\/vvw\/wp-json\/wp\/v2\/media?parent=434"}],"curies":[{"name":"wp","href":"https:\/\/api.w.org\/{rel}","templated":true}]}}