{"id":607,"date":"2021-03-18T10:42:05","date_gmt":"2021-03-18T09:42:05","guid":{"rendered":"https:\/\/vvw.alf-banco.de\/?page_id=607"},"modified":"2026-03-10T14:23:37","modified_gmt":"2026-03-10T13:23:37","slug":"aktuelles","status":"publish","type":"page","link":"https:\/\/www.alfag.de\/vvw\/aktuelles\/","title":{"rendered":"Aktuelles"},"content":{"rendered":"\n<div class=\"wp-block-group alignfull\"><div class=\"wp-block-group__inner-container is-layout-flow wp-block-group-is-layout-flow\">\n<div class=\"wp-block-columns tw-cols-stack-sm is-layout-flex wp-container-core-columns-is-layout-d0b3c9c8 wp-block-columns-is-layout-flex\">\n<div class=\"wp-block-column tw-mb-2 is-layout-flow wp-block-column-is-layout-flow\" style=\"--col-width:31%;flex-basis:31%\">\n<p><strong>11.03.2026<\/strong><\/p>\n<\/div>\n\n\n\n<div class=\"wp-block-column is-layout-flow wp-block-column-is-layout-flow\" style=\"--col-width:66.66%;flex-basis:66.66%\">\n<h3 class=\"wp-block-heading has-medium-font-size\">Auslieferung <strong>Update Version 3.00 <\/strong><\/h3>\n\n\n\n<ul class=\"wp-block-list\">\n<li>Notfalldokumentation\u00a0<\/li>\n\n\n\n<li>Dokumente archivieren\u00a0<\/li>\n\n\n\n<li>Dokumente extern speichern\u00a0\u2013 z. B. f\u00fcr E-Mail-Versand<\/li>\n\n\n\n<li>Horizontaler Splitter in der Gesamtliste<\/li>\n\n\n\n<li>Neues Feld \u201eGemarkung\u201c in \u201eGrundsteuer\u201c<\/li>\n\n\n\n<li>Datenbankinformationen<\/li>\n\n\n\n<li>Kfz-Versicherung erweitert um E-Auto\/E-Scooter\/E-Bike<\/li>\n\n\n\n<li>23 neue Vertragsarten<\/li>\n\n\n\n<li>Business-Version:\u00a0Brutto- oder Nettobetr\u00e4ge<\/li>\n\n\n\n<li>Business-Version:\u00a0Berufsausbildungsvertrag<\/li>\n<\/ul>\n\n\n\n<p><a href=\"https:\/\/www.alfag.de\/vvw\/download\/vvw_upgrade_300_neuerungen.pdf\" target=\"_blank\" rel=\"noreferrer noopener\">Ausf\u00fchrliche Erl\u00e4uterungen lesen Sie in dieser PDF.<\/a><\/p>\n<\/div>\n<\/div>\n<\/div><\/div>\n\n\n\n<div class=\"wp-block-group alignfull\"><div class=\"wp-block-group__inner-container is-layout-flow wp-block-group-is-layout-flow\">\n<div class=\"wp-block-columns tw-cols-stack-sm is-layout-flex wp-container-core-columns-is-layout-d0b3c9c8 wp-block-columns-is-layout-flex\">\n<div class=\"wp-block-column tw-mb-2 is-layout-flow wp-block-column-is-layout-flow\" style=\"--col-width:31%;flex-basis:31%\">\n<p><strong>02.06.2025<\/strong><\/p>\n<\/div>\n\n\n\n<div class=\"wp-block-column is-layout-flow wp-block-column-is-layout-flow\" style=\"--col-width:66.66%;flex-basis:66.66%\">\n<h3 class=\"wp-block-heading has-medium-font-size\">Auslieferung <strong>Update Version 2.01 Release <\/strong>1<\/h3>\n\n\n\n<ul class=\"wp-block-list\">\n<li>Datenimport aus ALF-BanCo 10 Homebankingsoftware<\/li>\n\n\n\n<li>Neue Vertragsart einreichen mit neuem Wizzard<\/li>\n\n\n\n<li>Icon mit Anfangsbuchstaben&nbsp; auch bei \u00c4nderungen<\/li>\n\n\n\n<li>Dokumentsuche zeigt zus\u00e4tzlich Dokumentnamen<\/li>\n\n\n\n<li>Verbesserte Darstellung f\u00fcr gro\u00dfe Bildschirme<\/li>\n<\/ul>\n\n\n\n<p><a href=\"https:\/\/www.alfag.de\/vvw\/download\/vvw_upgrade_201_neuerungen.pdf\" target=\"_blank\" rel=\"noreferrer noopener\">Ausf\u00fchrliche Erl\u00e4uterungen lesen Sie in dieser PDF.<\/a><\/p>\n<\/div>\n<\/div>\n\n\n\n<div class=\"wp-block-columns is-layout-flex wp-container-core-columns-is-layout-d0b3c9c8 wp-block-columns-is-layout-flex\">\n<div class=\"wp-block-column is-layout-flow wp-block-column-is-layout-flow\" style=\"--col-width:31%;flex-basis:31%\">\n<p><strong>14.02.2025<\/strong><\/p>\n<\/div>\n\n\n\n<div class=\"wp-block-column is-layout-flow wp-block-column-is-layout-flow\" style=\"--col-width:66.66%;flex-basis:66.66%\">\n<h3 class=\"wp-block-heading has-medium-font-size\">Auslieferung <strong>Update Version 2.00 Release <\/strong>11<\/h3>\n\n\n\n<ul class=\"wp-block-list\">\n<li>Bei Schadensf\u00e4llen k\u00f6nnen nun beliebig viele Dokumente zugeordnet werden.<\/li>\n\n\n\n<li>Bei der Vertragsart &#8222;Verein&#8220; ist nun auch eine zweimonatliche Verrechnungsweise m\u00f6glich.<\/li>\n\n\n\n<li>Z\u00e4hlerst\u00e4nde k\u00f6nnen nun auch mit 3 Nachkommastellen eingegeben werden.<\/li>\n\n\n\n<li>Der Verbrauchspreis beim Stromvertrag kann nun mit 4 Nachkommastellen eingegeben werden.<\/li>\n\n\n\n<li>Laufzeitumgebung migriert auf Microsoft .NET Framework Version 4.8.<\/li>\n\n\n\n<li>Stabilit\u00e4tsverbesserungen und Fehlerbeseitigungen.<\/li>\n<\/ul>\n<\/div>\n<\/div>\n\n\n\n<div class=\"wp-block-columns tw-cols-stack-sm is-layout-flex wp-container-core-columns-is-layout-d0b3c9c8 wp-block-columns-is-layout-flex\">\n<div class=\"wp-block-column tw-mb-2 is-layout-flow wp-block-column-is-layout-flow\" style=\"--col-width:31%;flex-basis:31%\">\n<p><strong>28.10.2024<\/strong><\/p>\n<\/div>\n\n\n\n<div class=\"wp-block-column is-layout-flow wp-block-column-is-layout-flow\" style=\"--col-width:66.66%;flex-basis:66.66%\">\n<h3 class=\"wp-block-heading has-medium-font-size\">Auslieferung <strong>Update Version 2.00 Release 6 &nbsp;<\/strong><\/h3>\n\n\n\n<p>Hier lesen Sie umfangreiche <a href=\"\/vvw\/download\/vvw_upgrade_200r6_neuerungen.pdf\" target=\"_blank\" rel=\"noreferrer noopener\">Infos zum Inhalt des Updates<\/a>.<\/p>\n<\/div>\n<\/div>\n\n\n\n<div class=\"wp-block-columns tw-cols-stack-sm is-layout-flex wp-container-core-columns-is-layout-d0b3c9c8 wp-block-columns-is-layout-flex\">\n<div class=\"wp-block-column tw-mb-2 is-layout-flow wp-block-column-is-layout-flow\" style=\"--col-width:31%;flex-basis:31%\">\n<p><strong>11.07.2024<\/strong><\/p>\n<\/div>\n\n\n\n<div class=\"wp-block-column is-layout-flow wp-block-column-is-layout-flow\" style=\"--col-width:66.66%;flex-basis:66.66%\">\n<h3 class=\"wp-block-heading has-medium-font-size\">Auslieferung <strong>Update Version 2.00 &nbsp;<\/strong><\/h3>\n\n\n\n<p>Hier lesen Sie umfangreiche <a href=\"https:\/\/www.alfag.de\/vvw\/alf-vvw-version-2\/\" target=\"_blank\" rel=\"noreferrer noopener\">Infos zum Inhalt des Updates<\/a>.<\/p>\n<\/div>\n<\/div>\n\n\n\n<div class=\"wp-block-columns tw-cols-stack-sm is-layout-flex wp-container-core-columns-is-layout-d0b3c9c8 wp-block-columns-is-layout-flex\">\n<div class=\"wp-block-column tw-mb-2 is-layout-flow wp-block-column-is-layout-flow\" style=\"--col-width:31%;flex-basis:31%\">\n<p><strong>08.05.2023<\/strong><\/p>\n<\/div>\n\n\n\n<div class=\"wp-block-column is-layout-flow wp-block-column-is-layout-flow\" style=\"--col-width:66.66%;flex-basis:66.66%\">\n<h3 class=\"wp-block-heading has-medium-font-size\">Auslieferung <strong>Update Version 1.40 &nbsp;<\/strong><\/h3>\n\n\n\n<p>Hier lesen Sie umfangreiche <a href=\"\/vvw\/download\/vvw_upgrade_140_neuerungen.pdf\" data-type=\"URL\" target=\"_blank\" rel=\"noreferrer noopener\">Infos zum Inhalt des Updates<\/a>.<\/p>\n<\/div>\n<\/div>\n\n\n\n<div class=\"wp-block-columns tw-cols-stack-sm is-layout-flex wp-container-core-columns-is-layout-d0b3c9c8 wp-block-columns-is-layout-flex\">\n<div class=\"wp-block-column tw-mb-2 is-layout-flow wp-block-column-is-layout-flow\" style=\"--col-width:31%;flex-basis:31%\">\n<p><strong>12.04.2022<\/strong><\/p>\n<\/div>\n\n\n\n<div class=\"wp-block-column is-layout-flow wp-block-column-is-layout-flow\" style=\"--col-width:66.66%;flex-basis:66.66%\">\n<h3 class=\"wp-block-heading has-medium-font-size\">Java Spring Framework Schwachstelle &#8211; ALF-VVW nicht betroffen<strong> &nbsp;<\/strong><\/h3>\n\n\n\n<p>Im M\u00e4rz 2022 wurde eine Schwachstelle im Kontext des Java Spring4Shell Frameworks (CVE-2022-22965) bekannt. ALF-VVW ist davon nicht betroffen, da dieses Framework weder von der Software noch von unseren Servern verwendet wird. Es besteht kein Handlungsbedarf.<\/p>\n<\/div>\n<\/div>\n\n\n\n<div class=\"wp-block-columns tw-cols-stack-sm is-layout-flex wp-container-core-columns-is-layout-d0b3c9c8 wp-block-columns-is-layout-flex\">\n<div class=\"wp-block-column tw-mb-2 is-layout-flow wp-block-column-is-layout-flow\" style=\"--col-width:31%;flex-basis:31%\">\n<p><strong><strong>21.03.2022<\/strong><\/strong><\/p>\n<\/div>\n\n\n\n<div class=\"wp-block-column is-layout-flow wp-block-column-is-layout-flow\" style=\"--col-width:66.66%;flex-basis:66.66%\">\n<h3 class=\"wp-block-heading has-medium-font-size\">Auslieferung <strong>Update Version 1.30 &nbsp;<\/strong><\/h3>\n\n\n\n<p>Hier lesen Sie umfangreiche <a href=\"\/vvw\/download\/vvw_upgrade_130_neuerungen.pdf\" data-type=\"URL\" target=\"_blank\" rel=\"noreferrer noopener\">Infos zum Inhalt des Updates<\/a>.<\/p>\n<\/div>\n<\/div>\n\n\n\n<div class=\"wp-block-columns tw-cols-stack-sm is-layout-flex wp-container-core-columns-is-layout-d0b3c9c8 wp-block-columns-is-layout-flex\">\n<div class=\"wp-block-column tw-mb-2 is-layout-flow wp-block-column-is-layout-flow\" style=\"--col-width:31%;flex-basis:31%\">\n<p><strong><strong>21.09.2021<\/strong><\/strong><\/p>\n<\/div>\n\n\n\n<div class=\"wp-block-column is-layout-flow wp-block-column-is-layout-flow\" style=\"--col-width:66.66%;flex-basis:66.66%\">\n<h3 class=\"wp-block-heading has-medium-font-size\">Auslieferung <strong>Update Version 1.20 &nbsp;<\/strong><\/h3>\n\n\n\n<p>Hier lesen Sie umfangreiche <a href=\"\/vvw\/download\/vvw_upgrade_120_neuerungen.pdf\" data-type=\"URL\" target=\"_blank\" rel=\"noreferrer noopener\">Infos zum Inhalt des Updates<\/a>.<\/p>\n<\/div>\n<\/div>\n\n\n\n<div class=\"wp-block-columns tw-cols-stack-sm is-layout-flex wp-container-core-columns-is-layout-d0b3c9c8 wp-block-columns-is-layout-flex\">\n<div class=\"wp-block-column tw-mb-2 is-layout-flow wp-block-column-is-layout-flow\" style=\"--col-width:31%;flex-basis:31%\">\n<p><strong>15.06.2021<\/strong><\/p>\n<\/div>\n\n\n\n<div class=\"wp-block-column is-layout-flow wp-block-column-is-layout-flow\" style=\"--col-width:66.66%;flex-basis:66.66%\">\n<h3 class=\"wp-block-heading has-medium-font-size\">Auslieferung <strong>Update Version 1.10 &nbsp;<\/strong><\/h3>\n\n\n\n<p>Hier lesen Sie umfangreiche <a href=\"\/vvw\/download\/vvw_upgrade_110_neuerungen.pdf\" data-type=\"URL\" target=\"_blank\" rel=\"noreferrer noopener\">Infos zum Inhalt des Updates<\/a>.<\/p>\n<\/div>\n<\/div>\n\n\n\n<div class=\"wp-block-columns tw-cols-stack-sm is-layout-flex wp-container-core-columns-is-layout-d0b3c9c8 wp-block-columns-is-layout-flex\">\n<div class=\"wp-block-column tw-mb-2 is-layout-flow wp-block-column-is-layout-flow\" style=\"--col-width:31%;flex-basis:31%\">\n<p><strong>26.03.2021<\/strong><\/p>\n<\/div>\n\n\n\n<div class=\"wp-block-column is-layout-flow wp-block-column-is-layout-flow\" style=\"--col-width:66.66%;flex-basis:66.66%\">\n<h3 class=\"wp-block-heading has-medium-font-size\">Auslieferung <strong>Update Version 1.00 Release 3&nbsp;<\/strong><\/h3>\n\n\n\n<p>Hier lesen Sie umfangreiche <a href=\"\/vvw\/download\/vvw_upgrade_100r3_neuerungen.pdf\" data-type=\"URL\" target=\"_blank\" rel=\"noreferrer noopener\">Infos zum Inhalt des Updates<\/a>.<\/p>\n<\/div>\n<\/div>\n\n\n\n<div class=\"wp-block-columns tw-cols-stack-sm is-layout-flex wp-container-core-columns-is-layout-d0b3c9c8 wp-block-columns-is-layout-flex\">\n<div class=\"wp-block-column tw-mb-2 is-layout-flow wp-block-column-is-layout-flow\" style=\"--col-width:31%;flex-basis:31%\">\n<p><strong>18.03.2021<\/strong><\/p>\n<\/div>\n\n\n\n<div class=\"wp-block-column is-layout-flow wp-block-column-is-layout-flow\" style=\"--col-width:66.66%;flex-basis:66.66%\">\n<h3 class=\"wp-block-heading has-medium-font-size\">Danke f\u00fcr Ihre Verbesserungsvorschl\u00e4ge<\/h3>\n\n\n\n<p>Vielen Dank f\u00fcr die vielen Anregungen und W\u00fcnsche, die seit der Ver\u00f6ffentlichung der Software eingingen. Wir sind flei\u00dfig dabei, inhaltliche Verbesserungen und neue Vertragsarten umzusetzen. Dabei setzen wir die W\u00fcnsche zuerst um, die am meisten von den Kunden nachgefragt wurden. <\/p>\n<\/div>\n<\/div>\n\n\n\n<div class=\"wp-block-columns tw-cols-stack-sm is-layout-flex wp-container-core-columns-is-layout-d0b3c9c8 wp-block-columns-is-layout-flex\">\n<div class=\"wp-block-column tw-mb-2 is-layout-flow wp-block-column-is-layout-flow\" style=\"--col-width:31%;flex-basis:31%\">\n<p><strong>24.02.2021<\/strong><\/p>\n<\/div>\n\n\n\n<div class=\"wp-block-column is-layout-flow wp-block-column-is-layout-flow\" style=\"--col-width:66.66%;flex-basis:66.66%\">\n<h3 class=\"wp-block-heading has-medium-font-size\">Auslieferung <strong>Update Version 1.00 Release 2&nbsp;<\/strong><\/h3>\n\n\n\n<p>Hier lesen Sie umfangreiche <a href=\"\/vvw\/updateinfo\" data-type=\"URL\">Infos zum Inhalt des Updates<\/a>.<\/p>\n<\/div>\n<\/div>\n\n\n\n<div class=\"wp-block-columns tw-cols-stack-sm is-layout-flex wp-container-core-columns-is-layout-d0b3c9c8 wp-block-columns-is-layout-flex\">\n<div class=\"wp-block-column tw-mb-2 is-layout-flow wp-block-column-is-layout-flow\" style=\"--col-width:31.33%;flex-basis:31.33%\">\n<p><strong>05.02.2021<\/strong><\/p>\n<\/div>\n\n\n\n<div class=\"wp-block-column is-layout-flow wp-block-column-is-layout-flow\" style=\"--col-width:66.66%;flex-basis:66.66%\">\n<h3 class=\"wp-block-heading has-medium-font-size\">Erstver\u00f6ffentlichung<\/h3>\n\n\n\n<p>Die erste Version der neuen Software ALF-VVW Vertragsverwaltung wurde heute ausgeliefert.<\/p>\n<\/div>\n<\/div>\n<\/div><\/div>\n\n\n\n<p><\/p>\n","protected":false},"excerpt":{"rendered":"<p>11.03.2026 Auslieferung Update Version 3.00 Ausf\u00fchrliche Erl\u00e4uterungen lesen Sie in dieser PDF. 02.06.2025 Auslieferung Update Version 2.01 Release 1 Ausf\u00fchrliche Erl\u00e4uterungen lesen Sie in dieser PDF. 14.02.2025 Auslieferung Update Version 2.00 Release 11 28.10.2024 Auslieferung Update Version 2.00 Release 6 &nbsp; Hier lesen Sie umfangreiche Infos zum Inhalt des Updates. 11.07.2024 Auslieferung Update Version 2.00&hellip;<\/p>\n","protected":false},"author":2,"featured_media":0,"parent":0,"menu_order":0,"comment_status":"closed","ping_status":"closed","template":"","meta":{"_glsr_average":0,"_glsr_ranking":0,"_glsr_reviews":0,"footnotes":""},"class_list":["post-607","page","type-page","status-publish","hentry"],"yoast_head":"<!-- This site is optimized with the Yoast SEO plugin v27.6 - https:\/\/yoast.com\/product\/yoast-seo-wordpress\/ -->\n<title>Aktuelles - ALF-VVW<\/title>\n<meta name=\"robots\" content=\"index, follow, max-snippet:-1, max-image-preview:large, max-video-preview:-1\" \/>\n<link rel=\"canonical\" href=\"https:\/\/www.alfag.de\/vvw\/aktuelles\/\" \/>\n<meta property=\"og:locale\" content=\"de_DE\" \/>\n<meta property=\"og:type\" content=\"article\" \/>\n<meta property=\"og:title\" content=\"Aktuelles - ALF-VVW\" \/>\n<meta property=\"og:description\" content=\"11.03.2026 Auslieferung Update Version 3.00 Ausf\u00fchrliche Erl\u00e4uterungen lesen Sie in dieser PDF. 02.06.2025 Auslieferung Update Version 2.01 Release 1 Ausf\u00fchrliche Erl\u00e4uterungen lesen Sie in dieser PDF. 14.02.2025 Auslieferung Update Version 2.00 Release 11 28.10.2024 Auslieferung Update Version 2.00 Release 6 &nbsp; Hier lesen Sie umfangreiche Infos zum Inhalt des Updates. 11.07.2024 Auslieferung Update Version 2.00&hellip;\" \/>\n<meta property=\"og:url\" content=\"https:\/\/www.alfag.de\/vvw\/aktuelles\/\" \/>\n<meta property=\"og:site_name\" content=\"ALF-VVW\" \/>\n<meta property=\"article:modified_time\" content=\"2026-03-10T13:23:37+00:00\" \/>\n<meta name=\"twitter:card\" content=\"summary_large_image\" \/>\n<meta name=\"twitter:label1\" content=\"Gesch\u00e4tzte Lesezeit\" \/>\n\t<meta name=\"twitter:data1\" content=\"3\u00a0Minuten\" \/>\n<script type=\"application\/ld+json\" class=\"yoast-schema-graph\">{\"@context\":\"https:\\\/\\\/schema.org\",\"@graph\":[{\"@type\":\"WebPage\",\"@id\":\"https:\\\/\\\/www.alfag.de\\\/vvw\\\/aktuelles\\\/\",\"url\":\"https:\\\/\\\/www.alfag.de\\\/vvw\\\/aktuelles\\\/\",\"name\":\"Aktuelles - ALF-VVW\",\"isPartOf\":{\"@id\":\"https:\\\/\\\/www.alfag.de\\\/vvw\\\/#website\"},\"datePublished\":\"2021-03-18T09:42:05+00:00\",\"dateModified\":\"2026-03-10T13:23:37+00:00\",\"breadcrumb\":{\"@id\":\"https:\\\/\\\/www.alfag.de\\\/vvw\\\/aktuelles\\\/#breadcrumb\"},\"inLanguage\":\"de\",\"potentialAction\":[{\"@type\":\"ReadAction\",\"target\":[\"https:\\\/\\\/www.alfag.de\\\/vvw\\\/aktuelles\\\/\"]}]},{\"@type\":\"BreadcrumbList\",\"@id\":\"https:\\\/\\\/www.alfag.de\\\/vvw\\\/aktuelles\\\/#breadcrumb\",\"itemListElement\":[{\"@type\":\"ListItem\",\"position\":1,\"name\":\"Startseite\",\"item\":\"https:\\\/\\\/www.alfag.de\\\/vvw\\\/\"},{\"@type\":\"ListItem\",\"position\":2,\"name\":\"Aktuelles\"}]},{\"@type\":\"WebSite\",\"@id\":\"https:\\\/\\\/www.alfag.de\\\/vvw\\\/#website\",\"url\":\"https:\\\/\\\/www.alfag.de\\\/vvw\\\/\",\"name\":\"ALF-VVW\",\"description\":\"ALF-VVW Vertragsverwaltung\",\"publisher\":{\"@id\":\"https:\\\/\\\/www.alfag.de\\\/vvw\\\/#organization\"},\"potentialAction\":[{\"@type\":\"SearchAction\",\"target\":{\"@type\":\"EntryPoint\",\"urlTemplate\":\"https:\\\/\\\/www.alfag.de\\\/vvw\\\/?s={search_term_string}\"},\"query-input\":{\"@type\":\"PropertyValueSpecification\",\"valueRequired\":true,\"valueName\":\"search_term_string\"}}],\"inLanguage\":\"de\"},{\"@type\":\"Organization\",\"@id\":\"https:\\\/\\\/www.alfag.de\\\/vvw\\\/#organization\",\"name\":\"ALF-VVW\",\"url\":\"https:\\\/\\\/www.alfag.de\\\/vvw\\\/\",\"logo\":{\"@type\":\"ImageObject\",\"inLanguage\":\"de\",\"@id\":\"https:\\\/\\\/www.alfag.de\\\/vvw\\\/#\\\/schema\\\/logo\\\/image\\\/\",\"url\":\"https:\\\/\\\/www.alfag.de\\\/vvw\\\/wp-content\\\/uploads\\\/cropped-vvw_icon_blau_klein.png\",\"contentUrl\":\"https:\\\/\\\/www.alfag.de\\\/vvw\\\/wp-content\\\/uploads\\\/cropped-vvw_icon_blau_klein.png\",\"width\":64,\"height\":64,\"caption\":\"ALF-VVW\"},\"image\":{\"@id\":\"https:\\\/\\\/www.alfag.de\\\/vvw\\\/#\\\/schema\\\/logo\\\/image\\\/\"}}]}<\/script>\n<!-- \/ Yoast SEO plugin. -->","yoast_head_json":{"title":"Aktuelles - ALF-VVW","robots":{"index":"index","follow":"follow","max-snippet":"max-snippet:-1","max-image-preview":"max-image-preview:large","max-video-preview":"max-video-preview:-1"},"canonical":"https:\/\/www.alfag.de\/vvw\/aktuelles\/","og_locale":"de_DE","og_type":"article","og_title":"Aktuelles - ALF-VVW","og_description":"11.03.2026 Auslieferung Update Version 3.00 Ausf\u00fchrliche Erl\u00e4uterungen lesen Sie in dieser PDF. 02.06.2025 Auslieferung Update Version 2.01 Release 1 Ausf\u00fchrliche Erl\u00e4uterungen lesen Sie in dieser PDF. 14.02.2025 Auslieferung Update Version 2.00 Release 11 28.10.2024 Auslieferung Update Version 2.00 Release 6 &nbsp; Hier lesen Sie umfangreiche Infos zum Inhalt des Updates. 11.07.2024 Auslieferung Update Version 2.00&hellip;","og_url":"https:\/\/www.alfag.de\/vvw\/aktuelles\/","og_site_name":"ALF-VVW","article_modified_time":"2026-03-10T13:23:37+00:00","twitter_card":"summary_large_image","twitter_misc":{"Gesch\u00e4tzte Lesezeit":"3\u00a0Minuten"},"schema":{"@context":"https:\/\/schema.org","@graph":[{"@type":"WebPage","@id":"https:\/\/www.alfag.de\/vvw\/aktuelles\/","url":"https:\/\/www.alfag.de\/vvw\/aktuelles\/","name":"Aktuelles - ALF-VVW","isPartOf":{"@id":"https:\/\/www.alfag.de\/vvw\/#website"},"datePublished":"2021-03-18T09:42:05+00:00","dateModified":"2026-03-10T13:23:37+00:00","breadcrumb":{"@id":"https:\/\/www.alfag.de\/vvw\/aktuelles\/#breadcrumb"},"inLanguage":"de","potentialAction":[{"@type":"ReadAction","target":["https:\/\/www.alfag.de\/vvw\/aktuelles\/"]}]},{"@type":"BreadcrumbList","@id":"https:\/\/www.alfag.de\/vvw\/aktuelles\/#breadcrumb","itemListElement":[{"@type":"ListItem","position":1,"name":"Startseite","item":"https:\/\/www.alfag.de\/vvw\/"},{"@type":"ListItem","position":2,"name":"Aktuelles"}]},{"@type":"WebSite","@id":"https:\/\/www.alfag.de\/vvw\/#website","url":"https:\/\/www.alfag.de\/vvw\/","name":"ALF-VVW","description":"ALF-VVW Vertragsverwaltung","publisher":{"@id":"https:\/\/www.alfag.de\/vvw\/#organization"},"potentialAction":[{"@type":"SearchAction","target":{"@type":"EntryPoint","urlTemplate":"https:\/\/www.alfag.de\/vvw\/?s={search_term_string}"},"query-input":{"@type":"PropertyValueSpecification","valueRequired":true,"valueName":"search_term_string"}}],"inLanguage":"de"},{"@type":"Organization","@id":"https:\/\/www.alfag.de\/vvw\/#organization","name":"ALF-VVW","url":"https:\/\/www.alfag.de\/vvw\/","logo":{"@type":"ImageObject","inLanguage":"de","@id":"https:\/\/www.alfag.de\/vvw\/#\/schema\/logo\/image\/","url":"https:\/\/www.alfag.de\/vvw\/wp-content\/uploads\/cropped-vvw_icon_blau_klein.png","contentUrl":"https:\/\/www.alfag.de\/vvw\/wp-content\/uploads\/cropped-vvw_icon_blau_klein.png","width":64,"height":64,"caption":"ALF-VVW"},"image":{"@id":"https:\/\/www.alfag.de\/vvw\/#\/schema\/logo\/image\/"}}]}},"_links":{"self":[{"href":"https:\/\/www.alfag.de\/vvw\/wp-json\/wp\/v2\/pages\/607","targetHints":{"allow":["GET"]}}],"collection":[{"href":"https:\/\/www.alfag.de\/vvw\/wp-json\/wp\/v2\/pages"}],"about":[{"href":"https:\/\/www.alfag.de\/vvw\/wp-json\/wp\/v2\/types\/page"}],"author":[{"embeddable":true,"href":"https:\/\/www.alfag.de\/vvw\/wp-json\/wp\/v2\/users\/2"}],"replies":[{"embeddable":true,"href":"https:\/\/www.alfag.de\/vvw\/wp-json\/wp\/v2\/comments?post=607"}],"version-history":[{"count":9,"href":"https:\/\/www.alfag.de\/vvw\/wp-json\/wp\/v2\/pages\/607\/revisions"}],"predecessor-version":[{"id":2017,"href":"https:\/\/www.alfag.de\/vvw\/wp-json\/wp\/v2\/pages\/607\/revisions\/2017"}],"wp:attachment":[{"href":"https:\/\/www.alfag.de\/vvw\/wp-json\/wp\/v2\/media?parent=607"}],"curies":[{"name":"wp","href":"https:\/\/api.w.org\/{rel}","templated":true}]}}