{"id":94,"date":"2020-05-05T14:52:22","date_gmt":"2020-05-05T12:52:22","guid":{"rendered":"http:\/\/vvw.alf-banco.de\/?page_id=94"},"modified":"2020-05-05T14:56:34","modified_gmt":"2020-05-05T12:56:34","slug":"verwendung-von-cookies","status":"publish","type":"page","link":"https:\/\/www.alfag.de\/vvw\/verwendung-von-cookies\/","title":{"rendered":"Verwendung von Cookies"},"content":{"rendered":"<p>Ein Cookie ist eine kleine Datei, die auf Ihrem Computer gespeichert wird. Der Cookie enth\u00e4lt eine einmalige Nummer und keine pers\u00f6nlichen Angaben. Der Cookie wird z.B. verwendet, um zu speichern, ob Sie die Seite von einem Mobilger\u00e4t oder einem Desktop PC besuchen. Die Seite wird dann entsprechend angepasst dargestellt.<\/p>\n<p>Die meisten der von uns verwendeten Cookies sind so genannte &#8222;Session-Cookies&#8220;. Sie werden nach Ende Ihres Besuchs automatisch gel\u00f6scht. Diese Cookies sind z.B. f\u00fcr Bestellungen im Shop unerl\u00e4sslich.<\/p>\n<p>Cookies richten auf Ihrem PC keinen Schaden an und enthalten keine Viren.<br \/>\nIn keinem Fall k\u00f6nnen die Daten von uns oder Dritten dazu verwendet werden, den Besucher dieser Website pers\u00f6nlich zu identifizieren. <\/p>\n<p>Welche Cookies gespeichert werden, k\u00f6nnen Sie im Browser selbst \u00fcberpr\u00fcfen:<\/p>\n<ul>\n<li>Chrome: Klicken Sie im Browser oben rechts neben der Adresszeile auf die Konfigurations-Schaltfl\u00e4che. W\u00e4hlen Sie im eingeblendeten Men\u00fc &#8222;Einstellungen&#8220; und klicken dann am Ende der Seite auf den blauen Link &#8222;Erweiterte Einstellungen&#8220; anzeigen. W\u00e4hlen Sie im Abschnitt &#8222;Datenschutz&#8220; die &#8222;Inhaltseinstellungen&#8220; und hier &#8222;auf Alle Cookies und Websitedaten&#8220;.<\/li>\n<li>Firefox: Klicken Sie mit der rechten Maustaste auf eine beliebige Stelle innerhalb des Browser-Fensters. W\u00e4hlen Sie &#8222;Seiteninformationen anzeigen&#8220;. Unter Sicherheit klicken Sie auf &#8222;Cookies anzeigen&#8220;.<\/li>\n<li>Internet-Explorer: Klicken Sie das Zahnrad-Symbol und dort auf \u201eExtras\u201c -&gt; \u201eInternetoptionen\u201c. W\u00e4ghlen Sie die Registerkarte \u201eDatenschutz\u201c. Unter Einstellungen finden Sie \u201eErweitert\u201c mit den Einstellungen f\u00fcr Cookies.<\/li>\n<\/ul>\n","protected":false},"excerpt":{"rendered":"<p>Ein Cookie ist eine kleine Datei, die auf Ihrem Computer gespeichert wird. Der Cookie enth\u00e4lt eine einmalige Nummer und keine pers\u00f6nlichen Angaben. Der Cookie wird z.B. verwendet, um zu speichern, ob Sie die Seite von einem Mobilger\u00e4t oder einem Desktop PC besuchen. Die Seite wird dann entsprechend angepasst dargestellt. Die meisten der von uns verwendeten&hellip;<\/p>\n","protected":false},"author":1,"featured_media":0,"parent":0,"menu_order":0,"comment_status":"closed","ping_status":"closed","template":"onecolumn-page.php","meta":{"_glsr_average":0,"_glsr_ranking":0,"_glsr_reviews":0,"footnotes":""},"class_list":["post-94","page","type-page","status-publish","hentry"],"yoast_head":"<!-- This site is optimized with the Yoast SEO plugin v27.3 - https:\/\/yoast.com\/product\/yoast-seo-wordpress\/ -->\n<title>Verwendung von Cookies - ALF-VVW<\/title>\n<meta name=\"robots\" content=\"index, follow, max-snippet:-1, max-image-preview:large, max-video-preview:-1\" \/>\n<link rel=\"canonical\" href=\"https:\/\/www.alfag.de\/vvw\/verwendung-von-cookies\/\" \/>\n<meta property=\"og:locale\" content=\"de_DE\" \/>\n<meta property=\"og:type\" content=\"article\" \/>\n<meta property=\"og:title\" content=\"Verwendung von Cookies - ALF-VVW\" \/>\n<meta property=\"og:description\" content=\"Ein Cookie ist eine kleine Datei, die auf Ihrem Computer gespeichert wird. Der Cookie enth\u00e4lt eine einmalige Nummer und keine pers\u00f6nlichen Angaben. Der Cookie wird z.B. verwendet, um zu speichern, ob Sie die Seite von einem Mobilger\u00e4t oder einem Desktop PC besuchen. Die Seite wird dann entsprechend angepasst dargestellt. Die meisten der von uns verwendeten&hellip;\" \/>\n<meta property=\"og:url\" content=\"https:\/\/www.alfag.de\/vvw\/verwendung-von-cookies\/\" \/>\n<meta property=\"og:site_name\" content=\"ALF-VVW\" \/>\n<meta property=\"article:modified_time\" content=\"2020-05-05T12:56:34+00:00\" \/>\n<meta name=\"twitter:card\" content=\"summary_large_image\" \/>\n<meta name=\"twitter:label1\" content=\"Gesch\u00e4tzte Lesezeit\" \/>\n\t<meta name=\"twitter:data1\" content=\"1\u00a0Minute\" \/>\n<script type=\"application\/ld+json\" class=\"yoast-schema-graph\">{\"@context\":\"https:\\\/\\\/schema.org\",\"@graph\":[{\"@type\":\"WebPage\",\"@id\":\"https:\\\/\\\/www.alfag.de\\\/vvw\\\/verwendung-von-cookies\\\/\",\"url\":\"https:\\\/\\\/www.alfag.de\\\/vvw\\\/verwendung-von-cookies\\\/\",\"name\":\"Verwendung von Cookies - ALF-VVW\",\"isPartOf\":{\"@id\":\"https:\\\/\\\/www.alfag.de\\\/vvw\\\/#website\"},\"datePublished\":\"2020-05-05T12:52:22+00:00\",\"dateModified\":\"2020-05-05T12:56:34+00:00\",\"breadcrumb\":{\"@id\":\"https:\\\/\\\/www.alfag.de\\\/vvw\\\/verwendung-von-cookies\\\/#breadcrumb\"},\"inLanguage\":\"de\",\"potentialAction\":[{\"@type\":\"ReadAction\",\"target\":[\"https:\\\/\\\/www.alfag.de\\\/vvw\\\/verwendung-von-cookies\\\/\"]}]},{\"@type\":\"BreadcrumbList\",\"@id\":\"https:\\\/\\\/www.alfag.de\\\/vvw\\\/verwendung-von-cookies\\\/#breadcrumb\",\"itemListElement\":[{\"@type\":\"ListItem\",\"position\":1,\"name\":\"Startseite\",\"item\":\"https:\\\/\\\/www.alfag.de\\\/vvw\\\/\"},{\"@type\":\"ListItem\",\"position\":2,\"name\":\"Verwendung von Cookies\"}]},{\"@type\":\"WebSite\",\"@id\":\"https:\\\/\\\/www.alfag.de\\\/vvw\\\/#website\",\"url\":\"https:\\\/\\\/www.alfag.de\\\/vvw\\\/\",\"name\":\"ALF-VVW\",\"description\":\"ALF-VVW Vertragsverwaltung\",\"publisher\":{\"@id\":\"https:\\\/\\\/www.alfag.de\\\/vvw\\\/#organization\"},\"potentialAction\":[{\"@type\":\"SearchAction\",\"target\":{\"@type\":\"EntryPoint\",\"urlTemplate\":\"https:\\\/\\\/www.alfag.de\\\/vvw\\\/?s={search_term_string}\"},\"query-input\":{\"@type\":\"PropertyValueSpecification\",\"valueRequired\":true,\"valueName\":\"search_term_string\"}}],\"inLanguage\":\"de\"},{\"@type\":\"Organization\",\"@id\":\"https:\\\/\\\/www.alfag.de\\\/vvw\\\/#organization\",\"name\":\"ALF-VVW\",\"url\":\"https:\\\/\\\/www.alfag.de\\\/vvw\\\/\",\"logo\":{\"@type\":\"ImageObject\",\"inLanguage\":\"de\",\"@id\":\"https:\\\/\\\/www.alfag.de\\\/vvw\\\/#\\\/schema\\\/logo\\\/image\\\/\",\"url\":\"https:\\\/\\\/www.alfag.de\\\/vvw\\\/wp-content\\\/uploads\\\/cropped-vvw_icon_blau_klein.png\",\"contentUrl\":\"https:\\\/\\\/www.alfag.de\\\/vvw\\\/wp-content\\\/uploads\\\/cropped-vvw_icon_blau_klein.png\",\"width\":64,\"height\":64,\"caption\":\"ALF-VVW\"},\"image\":{\"@id\":\"https:\\\/\\\/www.alfag.de\\\/vvw\\\/#\\\/schema\\\/logo\\\/image\\\/\"}}]}<\/script>\n<!-- \/ Yoast SEO plugin. -->","yoast_head_json":{"title":"Verwendung von Cookies - ALF-VVW","robots":{"index":"index","follow":"follow","max-snippet":"max-snippet:-1","max-image-preview":"max-image-preview:large","max-video-preview":"max-video-preview:-1"},"canonical":"https:\/\/www.alfag.de\/vvw\/verwendung-von-cookies\/","og_locale":"de_DE","og_type":"article","og_title":"Verwendung von Cookies - ALF-VVW","og_description":"Ein Cookie ist eine kleine Datei, die auf Ihrem Computer gespeichert wird. Der Cookie enth\u00e4lt eine einmalige Nummer und keine pers\u00f6nlichen Angaben. Der Cookie wird z.B. verwendet, um zu speichern, ob Sie die Seite von einem Mobilger\u00e4t oder einem Desktop PC besuchen. Die Seite wird dann entsprechend angepasst dargestellt. Die meisten der von uns verwendeten&hellip;","og_url":"https:\/\/www.alfag.de\/vvw\/verwendung-von-cookies\/","og_site_name":"ALF-VVW","article_modified_time":"2020-05-05T12:56:34+00:00","twitter_card":"summary_large_image","twitter_misc":{"Gesch\u00e4tzte Lesezeit":"1\u00a0Minute"},"schema":{"@context":"https:\/\/schema.org","@graph":[{"@type":"WebPage","@id":"https:\/\/www.alfag.de\/vvw\/verwendung-von-cookies\/","url":"https:\/\/www.alfag.de\/vvw\/verwendung-von-cookies\/","name":"Verwendung von Cookies - ALF-VVW","isPartOf":{"@id":"https:\/\/www.alfag.de\/vvw\/#website"},"datePublished":"2020-05-05T12:52:22+00:00","dateModified":"2020-05-05T12:56:34+00:00","breadcrumb":{"@id":"https:\/\/www.alfag.de\/vvw\/verwendung-von-cookies\/#breadcrumb"},"inLanguage":"de","potentialAction":[{"@type":"ReadAction","target":["https:\/\/www.alfag.de\/vvw\/verwendung-von-cookies\/"]}]},{"@type":"BreadcrumbList","@id":"https:\/\/www.alfag.de\/vvw\/verwendung-von-cookies\/#breadcrumb","itemListElement":[{"@type":"ListItem","position":1,"name":"Startseite","item":"https:\/\/www.alfag.de\/vvw\/"},{"@type":"ListItem","position":2,"name":"Verwendung von Cookies"}]},{"@type":"WebSite","@id":"https:\/\/www.alfag.de\/vvw\/#website","url":"https:\/\/www.alfag.de\/vvw\/","name":"ALF-VVW","description":"ALF-VVW Vertragsverwaltung","publisher":{"@id":"https:\/\/www.alfag.de\/vvw\/#organization"},"potentialAction":[{"@type":"SearchAction","target":{"@type":"EntryPoint","urlTemplate":"https:\/\/www.alfag.de\/vvw\/?s={search_term_string}"},"query-input":{"@type":"PropertyValueSpecification","valueRequired":true,"valueName":"search_term_string"}}],"inLanguage":"de"},{"@type":"Organization","@id":"https:\/\/www.alfag.de\/vvw\/#organization","name":"ALF-VVW","url":"https:\/\/www.alfag.de\/vvw\/","logo":{"@type":"ImageObject","inLanguage":"de","@id":"https:\/\/www.alfag.de\/vvw\/#\/schema\/logo\/image\/","url":"https:\/\/www.alfag.de\/vvw\/wp-content\/uploads\/cropped-vvw_icon_blau_klein.png","contentUrl":"https:\/\/www.alfag.de\/vvw\/wp-content\/uploads\/cropped-vvw_icon_blau_klein.png","width":64,"height":64,"caption":"ALF-VVW"},"image":{"@id":"https:\/\/www.alfag.de\/vvw\/#\/schema\/logo\/image\/"}}]}},"_links":{"self":[{"href":"https:\/\/www.alfag.de\/vvw\/wp-json\/wp\/v2\/pages\/94","targetHints":{"allow":["GET"]}}],"collection":[{"href":"https:\/\/www.alfag.de\/vvw\/wp-json\/wp\/v2\/pages"}],"about":[{"href":"https:\/\/www.alfag.de\/vvw\/wp-json\/wp\/v2\/types\/page"}],"author":[{"embeddable":true,"href":"https:\/\/www.alfag.de\/vvw\/wp-json\/wp\/v2\/users\/1"}],"replies":[{"embeddable":true,"href":"https:\/\/www.alfag.de\/vvw\/wp-json\/wp\/v2\/comments?post=94"}],"version-history":[{"count":1,"href":"https:\/\/www.alfag.de\/vvw\/wp-json\/wp\/v2\/pages\/94\/revisions"}],"predecessor-version":[{"id":95,"href":"https:\/\/www.alfag.de\/vvw\/wp-json\/wp\/v2\/pages\/94\/revisions\/95"}],"wp:attachment":[{"href":"https:\/\/www.alfag.de\/vvw\/wp-json\/wp\/v2\/media?parent=94"}],"curies":[{"name":"wp","href":"https:\/\/api.w.org\/{rel}","templated":true}]}}